{"id":337,"date":"2021-09-20T14:10:11","date_gmt":"2021-09-20T12:10:11","guid":{"rendered":"https:\/\/elabnet.de\/?page_id=337"},"modified":"2021-10-05T11:54:12","modified_gmt":"2021-10-05T09:54:12","slug":"kontakt","status":"publish","type":"page","link":"https:\/\/elabnet.de\/en\/kontakt\/","title":{"rendered":"Contact"},"content":{"rendered":"<p>[et_pb_section fb_built=&#8220;1&#8243; _builder_version=&#8220;4.9.10&#8243; _module_preset=&#8220;default&#8220;][et_pb_row _builder_version=&#8220;4.9.10&#8243; _module_preset=&#8220;default&#8220;][et_pb_column type=&#8220;4_4&#8243; _builder_version=&#8220;4.9.10&#8243; _module_preset=&#8220;default&#8220;][et_pb_text _builder_version=&#8220;4.9.10&#8243; _module_preset=&#8220;default&#8220; header_font_size=&#8220;53px&#8220;]<\/p>\n<h1>Kontakt zu uns<\/h1>\n<p>[\/et_pb_text][et_pb_image src=&#8220;https:\/\/elabnet.de\/wp-content\/uploads\/kontakt-scaled.jpeg&#8220; title_text=&#8220;Businessman using thin line contact icon&#8220; _builder_version=&#8220;4.9.10&#8243; _module_preset=&#8220;default&#8220;][\/et_pb_image][et_pb_text _builder_version=&#8220;4.9.10&#8243; _module_preset=&#8220;default&#8220; custom_margin=&#8220;||-1px|||&#8220;]<\/p>\n<h2><span style=\"color: #0d47a1;\">Sie haben eine Frage oder ein Anliegen?<\/span><\/h2>\n<p>[\/et_pb_text][et_pb_text _builder_version=&#8220;4.9.10&#8243; _module_preset=&#8220;default&#8220;]<\/p>\n<p>Dann nehmen Sie bitte Kontakt auf. F\u00fcllen Sie einfach das Formular aus und wir werden Ihre Anfrage schnellstm\u00f6glich bearbeiten. Gerne k\u00f6nnen Sie uns auch Anrufen oder ein eMail schreiben.<\/p>\n<p>Beratungstermine k\u00f6nnen Sie auch ganz einfach oben im Men\u00fc unter Beratung buchen.<\/p>\n<p>Hinweise zum Support: Falls Sie Support f\u00fcr ein Produkt ben\u00f6tigen, lesen Sie bitte hier weiter: <a href=\"https:\/\/shop.elabnet.de\/info\/service\">https:\/\/shop.elabnet.de\/info\/service<\/a><\/p>\n<p>[\/et_pb_text][\/et_pb_column][\/et_pb_row][et_pb_row column_structure=&#8220;1_4,3_4&#8243; _builder_version=&#8220;4.9.10&#8243; _module_preset=&#8220;default&#8220;][et_pb_column type=&#8220;1_4&#8243; _builder_version=&#8220;4.9.10&#8243; _module_preset=&#8220;default&#8220;][et_pb_text _builder_version=&#8220;4.9.10&#8243; _module_preset=&#8220;default&#8220; custom_margin=&#8220;||-1px|||&#8220;]<\/p>\n<h2><span style=\"color: #0d47a1;\">Direkter Kontakt:<\/span><\/h2>\n<p>[\/et_pb_text][et_pb_text _builder_version=&#8220;4.9.10&#8243; _module_preset=&#8220;default&#8220;]<\/p>\n<p><strong>Elaborated Networks GmbH<\/strong><br \/>Aichat 10<br \/>83553 Frauenneuharting<br \/>Germany<\/p>\n<p><strong>Telefon:<\/strong> 49 (0) 8092 25792-40<br \/><strong>Fax:<\/strong> +49 (0) 8092 25792-10<br \/><strong>eMail:<\/strong> service@elabnet.de<\/p>\n<p>[\/et_pb_text][\/et_pb_column][et_pb_column type=&#8220;3_4&#8243; _builder_version=&#8220;4.9.10&#8243; _module_preset=&#8220;default&#8220;][et_pb_text _builder_version=&#8220;4.9.10&#8243; _module_preset=&#8220;default&#8220; custom_margin=&#8220;||-1px|||&#8220;]<\/p>\n<h2><span style=\"color: #0d47a1;\">Kontaktformular<\/span><\/h2>\n<p>[\/et_pb_text][et_pb_code _builder_version=&#8220;4.9.10&#8243; _module_preset=&#8220;default&#8220; hover_enabled=&#8220;0&#8243; disabled_on=&#8220;on|off|off&#8220; sticky_enabled=&#8220;0&#8243;]\n<div class=\"wpcf7 no-js\" id=\"wpcf7-f264-o1\" lang=\"de-DE\" dir=\"ltr\" data-wpcf7-id=\"264\">\n<div class=\"screen-reader-response\"><p role=\"status\" aria-live=\"polite\" aria-atomic=\"true\"><\/p> <ul><\/ul><\/div>\n<form action=\"\/en\/wp-json\/wp\/v2\/pages\/337#wpcf7-f264-o1\" method=\"post\" class=\"wpcf7-form init\" aria-label=\"Kontaktformular\" novalidate=\"novalidate\" data-status=\"init\">\n<fieldset class=\"hidden-fields-container\"><input type=\"hidden\" name=\"_wpcf7\" value=\"264\" \/><input type=\"hidden\" name=\"_wpcf7_version\" value=\"6.1.5\" \/><input type=\"hidden\" name=\"_wpcf7_locale\" value=\"de_DE\" \/><input type=\"hidden\" name=\"_wpcf7_unit_tag\" value=\"wpcf7-f264-o1\" \/><input type=\"hidden\" name=\"_wpcf7_container_post\" value=\"0\" \/><input type=\"hidden\" name=\"_wpcf7_posted_data_hash\" value=\"\" \/>\n<\/fieldset>\n<p><label> Ihr Name<br \/>\n<span class=\"wpcf7-form-control-wrap\" data-name=\"your-name\"><input size=\"100\" maxlength=\"400\" class=\"wpcf7-form-control wpcf7-text wpcf7-validates-as-required\" aria-required=\"true\" aria-invalid=\"false\" placeholder=\"Vor- und Zuname\" value=\"\" type=\"text\" name=\"your-name\" \/><\/span><br \/>\n<\/label>\n<\/p>\n<p><label> Ihre E-Mail-Adresse<br \/>\n<span class=\"wpcf7-form-control-wrap\" data-name=\"your-email\"><input size=\"100\" maxlength=\"400\" class=\"wpcf7-form-control wpcf7-email wpcf7-validates-as-required wpcf7-text wpcf7-validates-as-email\" aria-required=\"true\" aria-invalid=\"false\" placeholder=\"Ihre E-Mail-Adresse\" value=\"\" type=\"email\" name=\"your-email\" \/><\/span><br \/>\n<\/label>\n<\/p>\n<p><label> Ihre Telefonnummer<br \/>\n<span class=\"wpcf7-form-control-wrap\" data-name=\"Telefonnummer\"><input size=\"100\" maxlength=\"400\" class=\"wpcf7-form-control wpcf7-text\" aria-invalid=\"false\" placeholder=\"Wenn Sie zur\u00fcck gerufen werden wollen, geben Sie uns bitte Ihre Telefonnummer an\" value=\"\" type=\"text\" name=\"Telefonnummer\" \/><\/span><br \/>\n<\/label>\n<\/p>\n<p><label> Angaben zur Erreichbarkeit<br \/>\n<span class=\"wpcf7-form-control-wrap\" data-name=\"erreichen\"><textarea cols=\"40\" rows=\"10\" maxlength=\"2000\" class=\"wpcf7-form-control wpcf7-textarea wpcf7-validates-as-required\" aria-required=\"true\" aria-invalid=\"false\" placeholder=\"Wenn Sie nur zu bestimmten Zeiten erreichbar sind, k\u00f6nnen Sie uns das gerne hier angeben.\" name=\"erreichen\"><\/textarea><\/span><br \/>\n<\/label>\n<\/p>\n<p><span style=\"color:#0d47a1;\"><span style=\"font-size:20px;\"><strong>Falls Sie zu einem Unternehmen geh\u00f6ren<\/strong><\/span><\/span><br \/>\n<label> Unternehmensbezeichnung<br \/>\n<span class=\"wpcf7-form-control-wrap\" data-name=\"Unternehmensbezeichnung\"><input size=\"100\" maxlength=\"400\" class=\"wpcf7-form-control wpcf7-text\" aria-invalid=\"false\" placeholder=\"Vollst\u00e4ndige Firmenbezeichnung mit Rechtsform\" value=\"\" type=\"text\" name=\"Unternehmensbezeichnung\" \/><\/span><br \/>\n<\/label>\n<\/p>\n<p><label> Anschrift<br \/>\n<span class=\"wpcf7-form-control-wrap\" data-name=\"anschrift\"><textarea cols=\"40\" rows=\"10\" maxlength=\"2000\" class=\"wpcf7-form-control wpcf7-textarea\" aria-invalid=\"false\" placeholder=\"Bitte geben Sie hier die offizielle Adresse des Unternehmens an\" name=\"anschrift\"><\/textarea><\/span><br \/>\n<\/label>\n<\/p>\n<p><label> Ihre Telefonnummer<br \/>\n<span class=\"wpcf7-form-control-wrap\" data-name=\"Telefonnummer\"><input size=\"100\" maxlength=\"400\" class=\"wpcf7-form-control wpcf7-text\" aria-invalid=\"false\" placeholder=\"Wenn Sie zur\u00fcck gerufen werden wollen, geben Sie uns bitte Ihre Telefonnummer an\" value=\"\" type=\"text\" name=\"Telefonnummer\" \/><\/span><br \/>\n<\/label>\n<\/p>\n<p><label> Ihre Umsatzsteuer-ID<br \/>\n<span class=\"wpcf7-form-control-wrap\" data-name=\"ust-id\"><input size=\"100\" maxlength=\"400\" class=\"wpcf7-form-control wpcf7-text\" aria-invalid=\"false\" placeholder=\"Ust-ID\" value=\"\" type=\"text\" name=\"ust-id\" \/><\/span><br \/>\n<\/label>\n<\/p>\n<p><span style=\"color:#0d47a1;\"><span style=\"font-size:20px;\"><strong>Bitte nennen Sie uns, wie wir Ihnen helfen k\u00f6nnen<\/strong><\/span><\/span><br \/>\n<label> Interesse \/ Sonstige Angaben<br \/>\n<span class=\"wpcf7-form-control-wrap\" data-name=\"interesse\"><textarea cols=\"40\" rows=\"10\" maxlength=\"2000\" class=\"wpcf7-form-control wpcf7-textarea wpcf7-validates-as-required\" aria-required=\"true\" aria-invalid=\"false\" placeholder=\"Bitte erz\u00e4hlen Sie uns kurz, wie wir Ihnen helfen k\u00f6nnen.\" name=\"interesse\"><\/textarea><\/span><br \/>\n<\/label>\n<\/p>\n<p><span class=\"wpcf7-form-control-wrap\" data-name=\"Datenschutz\"><span class=\"wpcf7-form-control wpcf7-checkbox wpcf7-validates-as-required\"><span class=\"wpcf7-list-item first last\"><label><input type=\"checkbox\" name=\"Datenschutz[]\" value=\"Ich habe die Datenschutzerkl\u00e4rung zur Kenntnis genommen\" \/><span class=\"wpcf7-list-item-label\">Ich habe die Datenschutzerkl\u00e4rung zur Kenntnis genommen<\/span><\/label><\/span><\/span><\/span>\n<\/p>\n<p><input class=\"wpcf7-form-control wpcf7-submit has-spinner\" type=\"submit\" value=\"Kontaktformular absenden\" \/>\n<\/p><div class=\"wpcf7-response-output\" aria-hidden=\"true\"><\/div>\n<\/form>\n<\/div>\n[\/et_pb_code][et_pb_code _builder_version=&#8220;4.9.10&#8243; _module_preset=&#8220;default&#8220; hover_enabled=&#8220;0&#8243; disabled_on=&#8220;off|on|on&#8220; sticky_enabled=&#8220;0&#8243;]\n<div class=\"wpcf7 no-js\" id=\"wpcf7-f649-o2\" lang=\"de-DE\" dir=\"ltr\" data-wpcf7-id=\"649\">\n<div class=\"screen-reader-response\"><p role=\"status\" aria-live=\"polite\" aria-atomic=\"true\"><\/p> <ul><\/ul><\/div>\n<form action=\"\/en\/wp-json\/wp\/v2\/pages\/337#wpcf7-f649-o2\" method=\"post\" class=\"wpcf7-form init\" aria-label=\"Kontaktformular\" novalidate=\"novalidate\" data-status=\"init\">\n<fieldset class=\"hidden-fields-container\"><input type=\"hidden\" name=\"_wpcf7\" value=\"649\" \/><input type=\"hidden\" name=\"_wpcf7_version\" value=\"6.1.5\" \/><input type=\"hidden\" name=\"_wpcf7_locale\" value=\"de_DE\" \/><input type=\"hidden\" name=\"_wpcf7_unit_tag\" value=\"wpcf7-f649-o2\" \/><input type=\"hidden\" name=\"_wpcf7_container_post\" value=\"0\" \/><input type=\"hidden\" name=\"_wpcf7_posted_data_hash\" value=\"\" \/>\n<\/fieldset>\n<p><label> Ihr Name<br \/>\n<span class=\"wpcf7-form-control-wrap\" data-name=\"your-name\"><input size=\"40\" maxlength=\"400\" class=\"wpcf7-form-control wpcf7-text wpcf7-validates-as-required\" aria-required=\"true\" aria-invalid=\"false\" placeholder=\"Vor- und Zuname\" value=\"\" type=\"text\" name=\"your-name\" \/><\/span><br \/>\n<\/label>\n<\/p>\n<p><label> Ihre E-Mail-Adresse<br \/>\n<span class=\"wpcf7-form-control-wrap\" data-name=\"your-email\"><input size=\"40\" maxlength=\"400\" class=\"wpcf7-form-control wpcf7-email wpcf7-validates-as-required wpcf7-text wpcf7-validates-as-email\" aria-required=\"true\" aria-invalid=\"false\" placeholder=\"Ihre E-Mail-Adresse\" value=\"\" type=\"email\" name=\"your-email\" \/><\/span><br \/>\n<\/label>\n<\/p>\n<p><label> Ihre Telefonnummer<br \/>\n<span class=\"wpcf7-form-control-wrap\" data-name=\"Telefonnummer\"><input size=\"40\" maxlength=\"400\" class=\"wpcf7-form-control wpcf7-text\" aria-invalid=\"false\" placeholder=\"Wenn Sie zur\u00fcck gerufen werden wollen, geben Sie uns bitte Ihre Telefonnummer an\" value=\"\" type=\"text\" name=\"Telefonnummer\" \/><\/span><br \/>\n<\/label>\n<\/p>\n<p><label> Angaben zur Erreichbarkeit<br \/>\n<span class=\"wpcf7-form-control-wrap\" data-name=\"erreichen\"><textarea cols=\"40\" rows=\"10\" maxlength=\"2000\" class=\"wpcf7-form-control wpcf7-textarea wpcf7-validates-as-required\" aria-required=\"true\" aria-invalid=\"false\" placeholder=\"Wenn Sie nur zu bestimmten Zeiten erreichbar sind, k\u00f6nnen Sie uns das gerne hier angeben.\" name=\"erreichen\"><\/textarea><\/span><br \/>\n<\/label>\n<\/p>\n<p><span style=\"color:#0d47a1;\"><span style=\"font-size:20px;\"><strong>Falls Sie zu einem Unternehmen geh\u00f6ren<\/strong><\/span><\/span><br \/>\n<label> Unternehmensbezeichnung<br \/>\n<span class=\"wpcf7-form-control-wrap\" data-name=\"Unternehmensbezeichnung\"><input size=\"40\" maxlength=\"400\" class=\"wpcf7-form-control wpcf7-text\" aria-invalid=\"false\" placeholder=\"Vollst\u00e4ndige Firmenbezeichnung mit Rechtsform\" value=\"\" type=\"text\" name=\"Unternehmensbezeichnung\" \/><\/span><br \/>\n<\/label>\n<\/p>\n<p><label> Anschrift<br \/>\n<span class=\"wpcf7-form-control-wrap\" data-name=\"anschrift\"><textarea cols=\"40\" rows=\"10\" maxlength=\"2000\" class=\"wpcf7-form-control wpcf7-textarea\" aria-invalid=\"false\" placeholder=\"Bitte geben Sie hier die offizielle Adresse des Unternehmens an\" name=\"anschrift\"><\/textarea><\/span><br \/>\n<\/label>\n<\/p>\n<p><label> Ihre Telefonnummer<br \/>\n<span class=\"wpcf7-form-control-wrap\" data-name=\"Telefonnummer\"><input size=\"40\" maxlength=\"400\" class=\"wpcf7-form-control wpcf7-text\" aria-invalid=\"false\" placeholder=\"Wenn Sie zur\u00fcck gerufen werden wollen, geben Sie uns bitte Ihre Telefonnummer an\" value=\"\" type=\"text\" name=\"Telefonnummer\" \/><\/span><br \/>\n<\/label>\n<\/p>\n<p><label> Ihre Umsatzsteuer-ID<br \/>\n<span class=\"wpcf7-form-control-wrap\" data-name=\"ust-id\"><input size=\"40\" maxlength=\"400\" class=\"wpcf7-form-control wpcf7-text\" aria-invalid=\"false\" placeholder=\"Ust-ID\" value=\"\" type=\"text\" name=\"ust-id\" \/><\/span><br \/>\n<\/label>\n<\/p>\n<p><span style=\"color:#0d47a1;\"><span style=\"font-size:20px;\"><strong>Bitte nennen Sie uns, wie wir Ihnen helfen k\u00f6nnen<\/strong><\/span><\/span><br \/>\n<label> Interesse \/ Sonstige Angaben<br \/>\n<span class=\"wpcf7-form-control-wrap\" data-name=\"interesse\"><textarea cols=\"40\" rows=\"10\" maxlength=\"2000\" class=\"wpcf7-form-control wpcf7-textarea wpcf7-validates-as-required\" aria-required=\"true\" aria-invalid=\"false\" placeholder=\"Bitte erz\u00e4hlen Sie uns kurz, wie wir Ihnen helfen k\u00f6nnen.\" name=\"interesse\"><\/textarea><\/span><br \/>\n<\/label>\n<\/p>\n<p><span class=\"wpcf7-form-control-wrap\" data-name=\"Datenschutz\"><span class=\"wpcf7-form-control wpcf7-checkbox wpcf7-validates-as-required\"><span class=\"wpcf7-list-item first last\"><label><input type=\"checkbox\" name=\"Datenschutz[]\" value=\"Ich habe die Datenschutzerkl\u00e4rung zur Kenntnis genommen\" \/><span class=\"wpcf7-list-item-label\">Ich habe die Datenschutzerkl\u00e4rung zur Kenntnis genommen<\/span><\/label><\/span><\/span><\/span>\n<\/p>\n<p><input class=\"wpcf7-form-control wpcf7-submit has-spinner\" type=\"submit\" value=\"Kontaktformular absenden\" \/>\n<\/p><div class=\"wpcf7-response-output\" aria-hidden=\"true\"><\/div>\n<\/form>\n<\/div>\n[\/et_pb_code][\/et_pb_column][\/et_pb_row][\/et_pb_section]<\/p>\n","protected":false},"excerpt":{"rendered":"<p>Kontakt zu unsSie haben eine Frage oder ein Anliegen?Dann nehmen Sie bitte Kontakt auf. F\u00fcllen Sie einfach das Formular aus und wir werden Ihre Anfrage schnellstm\u00f6glich bearbeiten. Gerne k\u00f6nnen Sie uns auch Anrufen oder ein eMail schreiben. Beratungstermine k\u00f6nnen Sie auch ganz einfach oben im Men\u00fc unter Beratung buchen. Hinweise zum Support: Falls Sie Support [&hellip;]<\/p>\n","protected":false},"author":1,"featured_media":0,"parent":0,"menu_order":0,"comment_status":"closed","ping_status":"closed","template":"","meta":{"_et_pb_use_builder":"on","_et_pb_old_content":"","_et_gb_content_width":"","inline_featured_image":false,"footnotes":""},"class_list":["post-337","page","type-page","status-publish","hentry"],"yoast_head":"<!-- This site is optimized with the Yoast SEO plugin v27.5 - https:\/\/yoast.com\/product\/yoast-seo-wordpress\/ -->\n<title>Kontakt - ElabNET Smarthome Solutions<\/title>\n<meta name=\"robots\" content=\"index, follow, max-snippet:-1, max-image-preview:large, max-video-preview:-1\" \/>\n<link rel=\"canonical\" href=\"https:\/\/elabnet.de\/en\/kontakt\/\" \/>\n<meta property=\"og:locale\" content=\"en_GB\" \/>\n<meta property=\"og:type\" content=\"article\" \/>\n<meta property=\"og:title\" content=\"Kontakt - ElabNET Smarthome Solutions\" \/>\n<meta property=\"og:description\" content=\"Kontakt zu unsSie haben eine Frage oder ein Anliegen?Dann nehmen Sie bitte Kontakt auf. F\u00fcllen Sie einfach das Formular aus und wir werden Ihre Anfrage schnellstm\u00f6glich bearbeiten. Gerne k\u00f6nnen Sie uns auch Anrufen oder ein eMail schreiben. Beratungstermine k\u00f6nnen Sie auch ganz einfach oben im Men\u00fc unter Beratung buchen. Hinweise zum Support: Falls Sie Support [&hellip;]\" \/>\n<meta property=\"og:url\" content=\"https:\/\/elabnet.de\/en\/kontakt\/\" \/>\n<meta property=\"og:site_name\" content=\"ElabNET Smarthome Solutions\" \/>\n<meta property=\"article:modified_time\" content=\"2021-10-05T09:54:12+00:00\" \/>\n<meta name=\"twitter:card\" content=\"summary_large_image\" \/>\n<meta name=\"twitter:label1\" content=\"Estimated reading time\" \/>\n\t<meta name=\"twitter:data1\" content=\"2 minutes\" \/>\n<script type=\"application\/ld+json\" class=\"yoast-schema-graph\">{\"@context\":\"https:\\\/\\\/schema.org\",\"@graph\":[{\"@type\":\"WebPage\",\"@id\":\"https:\\\/\\\/elabnet.de\\\/kontakt\\\/\",\"url\":\"https:\\\/\\\/elabnet.de\\\/kontakt\\\/\",\"name\":\"Kontakt - ElabNET Smarthome Solutions\",\"isPartOf\":{\"@id\":\"https:\\\/\\\/elabnet.de\\\/#website\"},\"datePublished\":\"2021-09-20T12:10:11+00:00\",\"dateModified\":\"2021-10-05T09:54:12+00:00\",\"breadcrumb\":{\"@id\":\"https:\\\/\\\/elabnet.de\\\/kontakt\\\/#breadcrumb\"},\"inLanguage\":\"en-GB\",\"potentialAction\":[{\"@type\":\"ReadAction\",\"target\":[\"https:\\\/\\\/elabnet.de\\\/kontakt\\\/\"]}]},{\"@type\":\"BreadcrumbList\",\"@id\":\"https:\\\/\\\/elabnet.de\\\/kontakt\\\/#breadcrumb\",\"itemListElement\":[{\"@type\":\"ListItem\",\"position\":1,\"name\":\"Startseite\",\"item\":\"https:\\\/\\\/elabnet.de\\\/\"},{\"@type\":\"ListItem\",\"position\":2,\"name\":\"Kontakt\"}]},{\"@type\":\"WebSite\",\"@id\":\"https:\\\/\\\/elabnet.de\\\/#website\",\"url\":\"https:\\\/\\\/elabnet.de\\\/\",\"name\":\"ElabNET Smarthome Solutions\",\"description\":\"Smarthome Server, Sensoren, Aktoren &amp; Blitzschutz\",\"potentialAction\":[{\"@type\":\"SearchAction\",\"target\":{\"@type\":\"EntryPoint\",\"urlTemplate\":\"https:\\\/\\\/elabnet.de\\\/?s={search_term_string}\"},\"query-input\":{\"@type\":\"PropertyValueSpecification\",\"valueRequired\":true,\"valueName\":\"search_term_string\"}}],\"inLanguage\":\"en-GB\"}]}<\/script>\n<!-- \/ Yoast SEO plugin. -->","yoast_head_json":{"title":"Kontakt - ElabNET Smarthome Solutions","robots":{"index":"index","follow":"follow","max-snippet":"max-snippet:-1","max-image-preview":"max-image-preview:large","max-video-preview":"max-video-preview:-1"},"canonical":"https:\/\/elabnet.de\/en\/kontakt\/","og_locale":"en_GB","og_type":"article","og_title":"Kontakt - ElabNET Smarthome Solutions","og_description":"Kontakt zu unsSie haben eine Frage oder ein Anliegen?Dann nehmen Sie bitte Kontakt auf. F\u00fcllen Sie einfach das Formular aus und wir werden Ihre Anfrage schnellstm\u00f6glich bearbeiten. Gerne k\u00f6nnen Sie uns auch Anrufen oder ein eMail schreiben. Beratungstermine k\u00f6nnen Sie auch ganz einfach oben im Men\u00fc unter Beratung buchen. Hinweise zum Support: Falls Sie Support [&hellip;]","og_url":"https:\/\/elabnet.de\/en\/kontakt\/","og_site_name":"ElabNET Smarthome Solutions","article_modified_time":"2021-10-05T09:54:12+00:00","twitter_card":"summary_large_image","twitter_misc":{"Estimated reading time":"2 minutes"},"schema":{"@context":"https:\/\/schema.org","@graph":[{"@type":"WebPage","@id":"https:\/\/elabnet.de\/kontakt\/","url":"https:\/\/elabnet.de\/kontakt\/","name":"Kontakt - ElabNET Smarthome Solutions","isPartOf":{"@id":"https:\/\/elabnet.de\/#website"},"datePublished":"2021-09-20T12:10:11+00:00","dateModified":"2021-10-05T09:54:12+00:00","breadcrumb":{"@id":"https:\/\/elabnet.de\/kontakt\/#breadcrumb"},"inLanguage":"en-GB","potentialAction":[{"@type":"ReadAction","target":["https:\/\/elabnet.de\/kontakt\/"]}]},{"@type":"BreadcrumbList","@id":"https:\/\/elabnet.de\/kontakt\/#breadcrumb","itemListElement":[{"@type":"ListItem","position":1,"name":"Startseite","item":"https:\/\/elabnet.de\/"},{"@type":"ListItem","position":2,"name":"Kontakt"}]},{"@type":"WebSite","@id":"https:\/\/elabnet.de\/#website","url":"https:\/\/elabnet.de\/","name":"ElabNET Smarthome Solutions","description":"Smarthome Server, Sensoren, Aktoren &amp; Blitzschutz","potentialAction":[{"@type":"SearchAction","target":{"@type":"EntryPoint","urlTemplate":"https:\/\/elabnet.de\/?s={search_term_string}"},"query-input":{"@type":"PropertyValueSpecification","valueRequired":true,"valueName":"search_term_string"}}],"inLanguage":"en-GB"}]}},"amp_enabled":true,"_links":{"self":[{"href":"https:\/\/elabnet.de\/en\/wp-json\/wp\/v2\/pages\/337","targetHints":{"allow":["GET"]}}],"collection":[{"href":"https:\/\/elabnet.de\/en\/wp-json\/wp\/v2\/pages"}],"about":[{"href":"https:\/\/elabnet.de\/en\/wp-json\/wp\/v2\/types\/page"}],"author":[{"embeddable":true,"href":"https:\/\/elabnet.de\/en\/wp-json\/wp\/v2\/users\/1"}],"replies":[{"embeddable":true,"href":"https:\/\/elabnet.de\/en\/wp-json\/wp\/v2\/comments?post=337"}],"version-history":[{"count":7,"href":"https:\/\/elabnet.de\/en\/wp-json\/wp\/v2\/pages\/337\/revisions"}],"predecessor-version":[{"id":650,"href":"https:\/\/elabnet.de\/en\/wp-json\/wp\/v2\/pages\/337\/revisions\/650"}],"wp:attachment":[{"href":"https:\/\/elabnet.de\/en\/wp-json\/wp\/v2\/media?parent=337"}],"curies":[{"name":"wp","href":"https:\/\/api.w.org\/{rel}","templated":true}]}}